{"id":3656,"date":"2020-08-03T15:26:26","date_gmt":"2020-08-03T19:26:26","guid":{"rendered":"https:\/\/test.linearled.ca\/product\/linea-wrs\/"},"modified":"2025-10-22T14:35:55","modified_gmt":"2025-10-22T18:35:55","slug":"linea-wrs","status":"publish","type":"product","link":"https:\/\/test.linearled.ca\/fr\/produit\/linea-wrs\/","title":{"rendered":"Linea WRS"},"content":{"rendered":"<ul>\n<li>D\u00e9coupe personnalis\u00e9e \u00e0 toute longueur, jusqu&rsquo;\u00e0 1\/16<sup>i\u00e8me<\/sup> de pouce pr\u00e8s.<\/li>\n<li>Encastr\u00e9 dans du gypse de 5\/8\u2019\u2019 avec rebords pour une finition professionnelle.<\/li>\n<li>Dimension de d\u00e9coupe : 2 1\/4&Prime;<\/li>\n<li>Source lumineuse \u00e0 \u00e9clairage uniforme. Aucun point lumineux visible avec toute bande DEL compatible de linearled.ca.<\/li>\n<li>Disponible avec fil ou connecteur rapide de diff\u00e9rentes longueurs. Sortie pr\u00e9vue pour les connections en s\u00e9rie. C\u00e2bles d\u2019extension vendus s\u00e9par\u00e9ment.<\/li>\n<\/ul>\n<p><a href=\"https:\/\/test.linearled.ca\/fr\/?attachment_id=6206#main\" rel=\"attachment wp-att-6206\"><img loading=\"lazy\" decoding=\"async\" class=\"aligncenter size-full wp-image-6206\" src=\"https:\/\/test.linearled.ca\/wp-content\/uploads\/2020\/08\/WRS_BannerSiteWEB-scaled.png\" alt=\"\" width=\"2560\" height=\"922\" srcset=\"https:\/\/test.linearled.ca\/wp-content\/uploads\/2020\/08\/WRS_BannerSiteWEB-scaled.png 2560w, https:\/\/test.linearled.ca\/wp-content\/uploads\/2020\/08\/WRS_BannerSiteWEB-300x108.png 300w, https:\/\/test.linearled.ca\/wp-content\/uploads\/2020\/08\/WRS_BannerSiteWEB-1024x369.png 1024w, https:\/\/test.linearled.ca\/wp-content\/uploads\/2020\/08\/WRS_BannerSiteWEB-768x276.png 768w, https:\/\/test.linearled.ca\/wp-content\/uploads\/2020\/08\/WRS_BannerSiteWEB-1536x553.png 1536w, https:\/\/test.linearled.ca\/wp-content\/uploads\/2020\/08\/WRS_BannerSiteWEB-2048x737.png 2048w, https:\/\/test.linearled.ca\/wp-content\/uploads\/2020\/08\/WRS_BannerSiteWEB-600x216.png 600w\" sizes=\"auto, (max-width: 2560px) 100vw, 2560px\" \/><\/a><\/p>\n","protected":false},"excerpt":{"rendered":"<p>Linea WRS est un profil\u00e9 en aluminium pour bande DEL con\u00e7u pour \u00eatre encastr\u00e9 avec des rebords \u00e0 pl\u00e2trer directement dans le gypse. Un encastr\u00e9 mural \u00e0 \u00e9clairage vers le bas.<\/p>\n<p><a href=\"https:\/\/test.linearled.ca\/fr\/?attachment_id=5390\" rel=\"attachment wp-att-5390\"><img loading=\"lazy\" decoding=\"async\" class=\"wp-image-5390 alignleft\" src=\"https:\/\/test.linearled.ca\/wp-content\/uploads\/2020\/08\/WRS-2.jpg\" alt=\"\" width=\"190\" height=\"338\" srcset=\"https:\/\/test.linearled.ca\/wp-content\/uploads\/2020\/08\/WRS-2.jpg 532w, https:\/\/test.linearled.ca\/wp-content\/uploads\/2020\/08\/WRS-2-169x300.jpg 169w\" sizes=\"auto, (max-width: 190px) 100vw, 190px\" \/><\/a><\/p>\n","protected":false},"featured_media":4141,"template":"","meta":{"_acf_changed":false},"product_brand":[],"product_cat":[120,124],"product_tag":[],"class_list":{"0":"post-3656","1":"product","2":"type-product","3":"status-publish","4":"has-post-thumbnail","6":"product_cat-encastre","7":"product_cat-specialise","8":"sales-flash-overlay","9":"woocommerce-text-align-center","10":"woocommerce-image-align-center","11":"do-quantity-buttons","13":"first","14":"instock","15":"taxable","16":"shipping-taxable","17":"product-type-simple"},"acf":[],"yoast_head":"<!-- This site is optimized with the Yoast SEO plugin v26.0 - https:\/\/yoast.com\/wordpress\/plugins\/seo\/ -->\n<title>Linea WRS - LinearLED<\/title>\n<meta name=\"robots\" content=\"noindex, follow, max-snippet:-1, max-image-preview:large, max-video-preview:-1\" \/>\n<meta property=\"og:locale\" content=\"fr_FR\" \/>\n<meta property=\"og:type\" content=\"article\" \/>\n<meta property=\"og:title\" content=\"Linea WRS - LinearLED\" \/>\n<meta property=\"og:description\" content=\"Linea WRS est un profil\u00e9 en aluminium pour bande DEL con\u00e7u pour \u00eatre encastr\u00e9 avec des rebords \u00e0 pl\u00e2trer directement dans le gypse. Un encastr\u00e9 mural \u00e0 \u00e9clairage vers le bas.\" \/>\n<meta property=\"og:url\" content=\"https:\/\/test.linearled.ca\/fr\/produit\/linea-wrs\/\" \/>\n<meta property=\"og:site_name\" content=\"LinearLED\" \/>\n<meta property=\"article:publisher\" content=\"https:\/\/www.facebook.com\/LinearLEDmtl\" \/>\n<meta property=\"article:modified_time\" content=\"2025-10-22T18:35:55+00:00\" \/>\n<meta property=\"og:image\" content=\"https:\/\/test.linearled.ca\/wp-content\/uploads\/2020\/08\/WRS-scaled.jpg\" \/>\n\t<meta property=\"og:image:width\" content=\"2560\" \/>\n\t<meta property=\"og:image:height\" content=\"1707\" \/>\n\t<meta property=\"og:image:type\" content=\"image\/jpeg\" \/>\n<meta name=\"twitter:card\" content=\"summary_large_image\" \/>\n<meta name=\"twitter:label1\" content=\"Dur\u00e9e de lecture estim\u00e9e\" \/>\n\t<meta name=\"twitter:data1\" content=\"1 minute\" \/>\n<script type=\"application\/ld+json\" class=\"yoast-schema-graph\">{\"@context\":\"https:\/\/schema.org\",\"@graph\":[{\"@type\":\"WebPage\",\"@id\":\"https:\/\/test.linearled.ca\/fr\/produit\/linea-wrs\/\",\"url\":\"https:\/\/test.linearled.ca\/fr\/produit\/linea-wrs\/\",\"name\":\"Linea WRS - LinearLED\",\"isPartOf\":{\"@id\":\"https:\/\/test.linearled.ca\/fr\/#website\"},\"primaryImageOfPage\":{\"@id\":\"https:\/\/test.linearled.ca\/fr\/produit\/linea-wrs\/#primaryimage\"},\"image\":{\"@id\":\"https:\/\/test.linearled.ca\/fr\/produit\/linea-wrs\/#primaryimage\"},\"thumbnailUrl\":\"https:\/\/test.linearled.ca\/wp-content\/uploads\/2020\/08\/WRS-scaled.jpg\",\"datePublished\":\"2020-08-03T19:26:26+00:00\",\"dateModified\":\"2025-10-22T18:35:55+00:00\",\"breadcrumb\":{\"@id\":\"https:\/\/test.linearled.ca\/fr\/produit\/linea-wrs\/#breadcrumb\"},\"inLanguage\":\"fr-FR\",\"potentialAction\":[{\"@type\":\"ReadAction\",\"target\":[\"https:\/\/test.linearled.ca\/fr\/produit\/linea-wrs\/\"]}]},{\"@type\":\"ImageObject\",\"inLanguage\":\"fr-FR\",\"@id\":\"https:\/\/test.linearled.ca\/fr\/produit\/linea-wrs\/#primaryimage\",\"url\":\"https:\/\/test.linearled.ca\/wp-content\/uploads\/2020\/08\/WRS-scaled.jpg\",\"contentUrl\":\"https:\/\/test.linearled.ca\/wp-content\/uploads\/2020\/08\/WRS-scaled.jpg\",\"width\":2560,\"height\":1707},{\"@type\":\"BreadcrumbList\",\"@id\":\"https:\/\/test.linearled.ca\/fr\/produit\/linea-wrs\/#breadcrumb\",\"itemListElement\":[{\"@type\":\"ListItem\",\"position\":1,\"name\":\"Home\",\"item\":\"https:\/\/test.linearled.ca\/fr\/\"},{\"@type\":\"ListItem\",\"position\":2,\"name\":\"Produits\",\"item\":\"https:\/\/test.linearled.ca\/fr\/boutique\/\"},{\"@type\":\"ListItem\",\"position\":3,\"name\":\"Linea WRS\"}]},{\"@type\":\"WebSite\",\"@id\":\"https:\/\/test.linearled.ca\/fr\/#website\",\"url\":\"https:\/\/test.linearled.ca\/fr\/\",\"name\":\"LinearLED\",\"description\":\"LinearLED - Custom Lighting\",\"publisher\":{\"@id\":\"https:\/\/test.linearled.ca\/fr\/#organization\"},\"potentialAction\":[{\"@type\":\"SearchAction\",\"target\":{\"@type\":\"EntryPoint\",\"urlTemplate\":\"https:\/\/test.linearled.ca\/fr\/?s={search_term_string}\"},\"query-input\":{\"@type\":\"PropertyValueSpecification\",\"valueRequired\":true,\"valueName\":\"search_term_string\"}}],\"inLanguage\":\"fr-FR\"},{\"@type\":\"Organization\",\"@id\":\"https:\/\/test.linearled.ca\/fr\/#organization\",\"name\":\"LinearLED\",\"url\":\"https:\/\/test.linearled.ca\/fr\/\",\"logo\":{\"@type\":\"ImageObject\",\"inLanguage\":\"fr-FR\",\"@id\":\"https:\/\/test.linearled.ca\/fr\/#\/schema\/logo\/image\/\",\"url\":\"https:\/\/test.linearled.ca\/wp-content\/uploads\/2025\/08\/logo-linearled-en.png\",\"contentUrl\":\"https:\/\/test.linearled.ca\/wp-content\/uploads\/2025\/08\/logo-linearled-en.png\",\"width\":200,\"height\":34,\"caption\":\"LinearLED\"},\"image\":{\"@id\":\"https:\/\/test.linearled.ca\/fr\/#\/schema\/logo\/image\/\"},\"sameAs\":[\"https:\/\/www.facebook.com\/LinearLEDmtl\",\"https:\/\/www.instagram.com\/linearledmtl\/\"]}]}<\/script>\n<!-- \/ Yoast SEO plugin. -->","yoast_head_json":{"title":"Linea WRS - LinearLED","robots":{"index":"noindex","follow":"follow","max-snippet":"max-snippet:-1","max-image-preview":"max-image-preview:large","max-video-preview":"max-video-preview:-1"},"og_locale":"fr_FR","og_type":"article","og_title":"Linea WRS - LinearLED","og_description":"Linea WRS est un profil\u00e9 en aluminium pour bande DEL con\u00e7u pour \u00eatre encastr\u00e9 avec des rebords \u00e0 pl\u00e2trer directement dans le gypse. Un encastr\u00e9 mural \u00e0 \u00e9clairage vers le bas.","og_url":"https:\/\/test.linearled.ca\/fr\/produit\/linea-wrs\/","og_site_name":"LinearLED","article_publisher":"https:\/\/www.facebook.com\/LinearLEDmtl","article_modified_time":"2025-10-22T18:35:55+00:00","og_image":[{"width":2560,"height":1707,"url":"https:\/\/test.linearled.ca\/wp-content\/uploads\/2020\/08\/WRS-scaled.jpg","type":"image\/jpeg"}],"twitter_card":"summary_large_image","twitter_misc":{"Dur\u00e9e de lecture estim\u00e9e":"1 minute"},"schema":{"@context":"https:\/\/schema.org","@graph":[{"@type":"WebPage","@id":"https:\/\/test.linearled.ca\/fr\/produit\/linea-wrs\/","url":"https:\/\/test.linearled.ca\/fr\/produit\/linea-wrs\/","name":"Linea WRS - LinearLED","isPartOf":{"@id":"https:\/\/test.linearled.ca\/fr\/#website"},"primaryImageOfPage":{"@id":"https:\/\/test.linearled.ca\/fr\/produit\/linea-wrs\/#primaryimage"},"image":{"@id":"https:\/\/test.linearled.ca\/fr\/produit\/linea-wrs\/#primaryimage"},"thumbnailUrl":"https:\/\/test.linearled.ca\/wp-content\/uploads\/2020\/08\/WRS-scaled.jpg","datePublished":"2020-08-03T19:26:26+00:00","dateModified":"2025-10-22T18:35:55+00:00","breadcrumb":{"@id":"https:\/\/test.linearled.ca\/fr\/produit\/linea-wrs\/#breadcrumb"},"inLanguage":"fr-FR","potentialAction":[{"@type":"ReadAction","target":["https:\/\/test.linearled.ca\/fr\/produit\/linea-wrs\/"]}]},{"@type":"ImageObject","inLanguage":"fr-FR","@id":"https:\/\/test.linearled.ca\/fr\/produit\/linea-wrs\/#primaryimage","url":"https:\/\/test.linearled.ca\/wp-content\/uploads\/2020\/08\/WRS-scaled.jpg","contentUrl":"https:\/\/test.linearled.ca\/wp-content\/uploads\/2020\/08\/WRS-scaled.jpg","width":2560,"height":1707},{"@type":"BreadcrumbList","@id":"https:\/\/test.linearled.ca\/fr\/produit\/linea-wrs\/#breadcrumb","itemListElement":[{"@type":"ListItem","position":1,"name":"Home","item":"https:\/\/test.linearled.ca\/fr\/"},{"@type":"ListItem","position":2,"name":"Produits","item":"https:\/\/test.linearled.ca\/fr\/boutique\/"},{"@type":"ListItem","position":3,"name":"Linea WRS"}]},{"@type":"WebSite","@id":"https:\/\/test.linearled.ca\/fr\/#website","url":"https:\/\/test.linearled.ca\/fr\/","name":"LinearLED","description":"LinearLED - Custom Lighting","publisher":{"@id":"https:\/\/test.linearled.ca\/fr\/#organization"},"potentialAction":[{"@type":"SearchAction","target":{"@type":"EntryPoint","urlTemplate":"https:\/\/test.linearled.ca\/fr\/?s={search_term_string}"},"query-input":{"@type":"PropertyValueSpecification","valueRequired":true,"valueName":"search_term_string"}}],"inLanguage":"fr-FR"},{"@type":"Organization","@id":"https:\/\/test.linearled.ca\/fr\/#organization","name":"LinearLED","url":"https:\/\/test.linearled.ca\/fr\/","logo":{"@type":"ImageObject","inLanguage":"fr-FR","@id":"https:\/\/test.linearled.ca\/fr\/#\/schema\/logo\/image\/","url":"https:\/\/test.linearled.ca\/wp-content\/uploads\/2025\/08\/logo-linearled-en.png","contentUrl":"https:\/\/test.linearled.ca\/wp-content\/uploads\/2025\/08\/logo-linearled-en.png","width":200,"height":34,"caption":"LinearLED"},"image":{"@id":"https:\/\/test.linearled.ca\/fr\/#\/schema\/logo\/image\/"},"sameAs":["https:\/\/www.facebook.com\/LinearLEDmtl","https:\/\/www.instagram.com\/linearledmtl\/"]}]}},"_links":{"self":[{"href":"https:\/\/test.linearled.ca\/fr\/wp-json\/wp\/v2\/product\/3656","targetHints":{"allow":["GET"]}}],"collection":[{"href":"https:\/\/test.linearled.ca\/fr\/wp-json\/wp\/v2\/product"}],"about":[{"href":"https:\/\/test.linearled.ca\/fr\/wp-json\/wp\/v2\/types\/product"}],"wp:featuredmedia":[{"embeddable":true,"href":"https:\/\/test.linearled.ca\/fr\/wp-json\/wp\/v2\/media\/4141"}],"wp:attachment":[{"href":"https:\/\/test.linearled.ca\/fr\/wp-json\/wp\/v2\/media?parent=3656"}],"wp:term":[{"taxonomy":"product_brand","embeddable":true,"href":"https:\/\/test.linearled.ca\/fr\/wp-json\/wp\/v2\/product_brand?post=3656"},{"taxonomy":"product_cat","embeddable":true,"href":"https:\/\/test.linearled.ca\/fr\/wp-json\/wp\/v2\/product_cat?post=3656"},{"taxonomy":"product_tag","embeddable":true,"href":"https:\/\/test.linearled.ca\/fr\/wp-json\/wp\/v2\/product_tag?post=3656"}],"curies":[{"name":"wp","href":"https:\/\/api.w.org\/{rel}","templated":true}]}}