{"id":3723,"date":"2020-07-16T14:20:01","date_gmt":"2020-07-16T18:20:01","guid":{"rendered":"https:\/\/test.linearled.ca\/product\/linea-p48\/"},"modified":"2025-10-20T14:51:16","modified_gmt":"2025-10-20T18:51:16","slug":"linea-p48-fr","status":"publish","type":"product","link":"https:\/\/test.linearled.ca\/fr\/produit\/linea-p48-fr\/","title":{"rendered":"Linea P48"},"content":{"rendered":"<ul>\n<li class=\"p1\">D\u00e9coupe personnalis\u00e9e \u00e0 toute longueur, jusqu&rsquo;\u00e0 1\/16<span class=\"s1\">i\u00e8me<\/span> de pouce pr\u00e8s.<\/li>\n<li class=\"p1\">Application simple directement dans le gypse ou le plafond.<\/li>\n<li class=\"p1\">Rebords con\u00e7us pour \u00eatre enduits directement dans le gypse pour une finition professionnelle.<\/li>\n<li class=\"p1\">Aucun point lumineux visible lorsqu&rsquo;il est associ\u00e9 \u00e0 une bande DEL de 350 DEL\/M ou plus.<\/li>\n<li class=\"p1\">Disponible avec fil ou connecteur rapide de diff\u00e9rentes longueurs.<\/li>\n<li class=\"p1\">Sortie pr\u00e9vue pour les connections en s\u00e9rie. C\u00e2bles d\u2019extension vendus s\u00e9par\u00e9ment.<\/li>\n<\/ul>\n<p><a href=\"https:\/\/test.linearled.ca\/fr\/?attachment_id=6194#main\" rel=\"attachment wp-att-6194\"><img loading=\"lazy\" decoding=\"async\" class=\"aligncenter size-full wp-image-6194\" src=\"https:\/\/test.linearled.ca\/wp-content\/uploads\/2020\/07\/P11-22-38-48_BannerSiteWEB-scaled.png\" alt=\"\" width=\"2560\" height=\"922\" srcset=\"https:\/\/test.linearled.ca\/wp-content\/uploads\/2020\/07\/P11-22-38-48_BannerSiteWEB-scaled.png 2560w, https:\/\/test.linearled.ca\/wp-content\/uploads\/2020\/07\/P11-22-38-48_BannerSiteWEB-300x108.png 300w, https:\/\/test.linearled.ca\/wp-content\/uploads\/2020\/07\/P11-22-38-48_BannerSiteWEB-1024x369.png 1024w, https:\/\/test.linearled.ca\/wp-content\/uploads\/2020\/07\/P11-22-38-48_BannerSiteWEB-768x276.png 768w, https:\/\/test.linearled.ca\/wp-content\/uploads\/2020\/07\/P11-22-38-48_BannerSiteWEB-1536x553.png 1536w, https:\/\/test.linearled.ca\/wp-content\/uploads\/2020\/07\/P11-22-38-48_BannerSiteWEB-2048x737.png 2048w, https:\/\/test.linearled.ca\/wp-content\/uploads\/2020\/07\/P11-22-38-48_BannerSiteWEB-600x216.png 600w\" sizes=\"auto, (max-width: 2560px) 100vw, 2560px\" \/><\/a><\/p>\n","protected":false},"excerpt":{"rendered":"<p>Linea P48 est un profil\u00e9 en aluminium de 48 mm de large qui peut accueillir jusqu\u2019\u00e0 <strong>4 rang\u00e9es de bandes DEL de 10 mm de<\/strong> ou moins, ou <strong>3 rang\u00e9es de bandes LED de 12 mm<\/strong> ou moins vendues par linearled.ca. Ce profil\u00e9 en aluminium a des rebords con\u00e7ues pour \u00eatre pl\u00e2tr\u00e9es directement dans le gypse ou le plafond pour une finition professionnelle.<\/p>\n<p><img loading=\"lazy\" decoding=\"async\" class=\"alignnone wp-image-3142\" src=\"https:\/\/test.linearled.ca\/wp-content\/uploads\/2020\/07\/Linea-P48.jpg\" alt=\"\" width=\"492\" height=\"183\" srcset=\"https:\/\/test.linearled.ca\/wp-content\/uploads\/2020\/07\/Linea-P48.jpg 1963w, https:\/\/test.linearled.ca\/wp-content\/uploads\/2020\/07\/Linea-P48-300x111.jpg 300w, https:\/\/test.linearled.ca\/wp-content\/uploads\/2020\/07\/Linea-P48-1024x380.jpg 1024w, https:\/\/test.linearled.ca\/wp-content\/uploads\/2020\/07\/Linea-P48-768x285.jpg 768w, https:\/\/test.linearled.ca\/wp-content\/uploads\/2020\/07\/Linea-P48-1536x570.jpg 1536w, https:\/\/test.linearled.ca\/wp-content\/uploads\/2020\/07\/Linea-P48-600x223.jpg 600w\" sizes=\"auto, (max-width: 492px) 100vw, 492px\" \/><\/p>\n","protected":false},"featured_media":4165,"template":"","meta":{"_acf_changed":false},"product_brand":[],"product_cat":[120,122],"product_tag":[],"class_list":{"0":"post-3723","1":"product","2":"type-product","3":"status-publish","4":"has-post-thumbnail","6":"product_cat-encastre","7":"product_cat-linea-fr","8":"sales-flash-overlay","9":"woocommerce-text-align-center","10":"woocommerce-image-align-center","11":"do-quantity-buttons","13":"first","14":"instock","15":"taxable","16":"shipping-taxable","17":"product-type-simple"},"acf":[],"yoast_head":"<!-- This site is optimized with the Yoast SEO plugin v26.0 - https:\/\/yoast.com\/wordpress\/plugins\/seo\/ -->\n<title>Linea P48 - LinearLED<\/title>\n<meta name=\"robots\" content=\"noindex, follow, max-snippet:-1, max-image-preview:large, max-video-preview:-1\" \/>\n<meta property=\"og:locale\" content=\"fr_FR\" \/>\n<meta property=\"og:type\" content=\"article\" \/>\n<meta property=\"og:title\" content=\"Linea P48 - LinearLED\" \/>\n<meta property=\"og:description\" content=\"Linea P48 est un profil\u00e9 en aluminium de 48 mm de large qui peut accueillir jusqu\u2019\u00e0 4 rang\u00e9es de bandes DEL de 10 mm de ou moins, ou 3 rang\u00e9es de bandes LED de 12 mm ou moins vendues par linearled.ca. Ce profil\u00e9 en aluminium a des rebords con\u00e7ues pour \u00eatre pl\u00e2tr\u00e9es directement dans le gypse ou le plafond pour une finition professionnelle.\" \/>\n<meta property=\"og:url\" content=\"https:\/\/test.linearled.ca\/fr\/produit\/linea-p48-fr\/\" \/>\n<meta property=\"og:site_name\" content=\"LinearLED\" \/>\n<meta property=\"article:publisher\" content=\"https:\/\/www.facebook.com\/LinearLEDmtl\" \/>\n<meta property=\"article:modified_time\" content=\"2025-10-20T18:51:16+00:00\" \/>\n<meta property=\"og:image\" content=\"https:\/\/test.linearled.ca\/wp-content\/uploads\/2020\/07\/P48-scaled.jpg\" \/>\n\t<meta property=\"og:image:width\" content=\"2560\" \/>\n\t<meta property=\"og:image:height\" content=\"1808\" \/>\n\t<meta property=\"og:image:type\" content=\"image\/jpeg\" \/>\n<meta name=\"twitter:card\" content=\"summary_large_image\" \/>\n<meta name=\"twitter:label1\" content=\"Dur\u00e9e de lecture estim\u00e9e\" \/>\n\t<meta name=\"twitter:data1\" content=\"1 minute\" \/>\n<script type=\"application\/ld+json\" class=\"yoast-schema-graph\">{\"@context\":\"https:\/\/schema.org\",\"@graph\":[{\"@type\":\"WebPage\",\"@id\":\"https:\/\/test.linearled.ca\/fr\/produit\/linea-p48-fr\/\",\"url\":\"https:\/\/test.linearled.ca\/fr\/produit\/linea-p48-fr\/\",\"name\":\"Linea P48 - LinearLED\",\"isPartOf\":{\"@id\":\"https:\/\/test.linearled.ca\/fr\/#website\"},\"primaryImageOfPage\":{\"@id\":\"https:\/\/test.linearled.ca\/fr\/produit\/linea-p48-fr\/#primaryimage\"},\"image\":{\"@id\":\"https:\/\/test.linearled.ca\/fr\/produit\/linea-p48-fr\/#primaryimage\"},\"thumbnailUrl\":\"https:\/\/test.linearled.ca\/wp-content\/uploads\/2020\/07\/P48-scaled.jpg\",\"datePublished\":\"2020-07-16T18:20:01+00:00\",\"dateModified\":\"2025-10-20T18:51:16+00:00\",\"breadcrumb\":{\"@id\":\"https:\/\/test.linearled.ca\/fr\/produit\/linea-p48-fr\/#breadcrumb\"},\"inLanguage\":\"fr-FR\",\"potentialAction\":[{\"@type\":\"ReadAction\",\"target\":[\"https:\/\/test.linearled.ca\/fr\/produit\/linea-p48-fr\/\"]}]},{\"@type\":\"ImageObject\",\"inLanguage\":\"fr-FR\",\"@id\":\"https:\/\/test.linearled.ca\/fr\/produit\/linea-p48-fr\/#primaryimage\",\"url\":\"https:\/\/test.linearled.ca\/wp-content\/uploads\/2020\/07\/P48-scaled.jpg\",\"contentUrl\":\"https:\/\/test.linearled.ca\/wp-content\/uploads\/2020\/07\/P48-scaled.jpg\",\"width\":2560,\"height\":1808},{\"@type\":\"BreadcrumbList\",\"@id\":\"https:\/\/test.linearled.ca\/fr\/produit\/linea-p48-fr\/#breadcrumb\",\"itemListElement\":[{\"@type\":\"ListItem\",\"position\":1,\"name\":\"Home\",\"item\":\"https:\/\/test.linearled.ca\/fr\/\"},{\"@type\":\"ListItem\",\"position\":2,\"name\":\"Produits\",\"item\":\"https:\/\/test.linearled.ca\/fr\/boutique\/\"},{\"@type\":\"ListItem\",\"position\":3,\"name\":\"Linea P48\"}]},{\"@type\":\"WebSite\",\"@id\":\"https:\/\/test.linearled.ca\/fr\/#website\",\"url\":\"https:\/\/test.linearled.ca\/fr\/\",\"name\":\"LinearLED\",\"description\":\"LinearLED - Custom Lighting\",\"publisher\":{\"@id\":\"https:\/\/test.linearled.ca\/fr\/#organization\"},\"potentialAction\":[{\"@type\":\"SearchAction\",\"target\":{\"@type\":\"EntryPoint\",\"urlTemplate\":\"https:\/\/test.linearled.ca\/fr\/?s={search_term_string}\"},\"query-input\":{\"@type\":\"PropertyValueSpecification\",\"valueRequired\":true,\"valueName\":\"search_term_string\"}}],\"inLanguage\":\"fr-FR\"},{\"@type\":\"Organization\",\"@id\":\"https:\/\/test.linearled.ca\/fr\/#organization\",\"name\":\"LinearLED\",\"url\":\"https:\/\/test.linearled.ca\/fr\/\",\"logo\":{\"@type\":\"ImageObject\",\"inLanguage\":\"fr-FR\",\"@id\":\"https:\/\/test.linearled.ca\/fr\/#\/schema\/logo\/image\/\",\"url\":\"https:\/\/test.linearled.ca\/wp-content\/uploads\/2025\/08\/logo-linearled-en.png\",\"contentUrl\":\"https:\/\/test.linearled.ca\/wp-content\/uploads\/2025\/08\/logo-linearled-en.png\",\"width\":200,\"height\":34,\"caption\":\"LinearLED\"},\"image\":{\"@id\":\"https:\/\/test.linearled.ca\/fr\/#\/schema\/logo\/image\/\"},\"sameAs\":[\"https:\/\/www.facebook.com\/LinearLEDmtl\",\"https:\/\/www.instagram.com\/linearledmtl\/\"]}]}<\/script>\n<!-- \/ Yoast SEO plugin. -->","yoast_head_json":{"title":"Linea P48 - LinearLED","robots":{"index":"noindex","follow":"follow","max-snippet":"max-snippet:-1","max-image-preview":"max-image-preview:large","max-video-preview":"max-video-preview:-1"},"og_locale":"fr_FR","og_type":"article","og_title":"Linea P48 - LinearLED","og_description":"Linea P48 est un profil\u00e9 en aluminium de 48 mm de large qui peut accueillir jusqu\u2019\u00e0 4 rang\u00e9es de bandes DEL de 10 mm de ou moins, ou 3 rang\u00e9es de bandes LED de 12 mm ou moins vendues par linearled.ca. Ce profil\u00e9 en aluminium a des rebords con\u00e7ues pour \u00eatre pl\u00e2tr\u00e9es directement dans le gypse ou le plafond pour une finition professionnelle.","og_url":"https:\/\/test.linearled.ca\/fr\/produit\/linea-p48-fr\/","og_site_name":"LinearLED","article_publisher":"https:\/\/www.facebook.com\/LinearLEDmtl","article_modified_time":"2025-10-20T18:51:16+00:00","og_image":[{"width":2560,"height":1808,"url":"https:\/\/test.linearled.ca\/wp-content\/uploads\/2020\/07\/P48-scaled.jpg","type":"image\/jpeg"}],"twitter_card":"summary_large_image","twitter_misc":{"Dur\u00e9e de lecture estim\u00e9e":"1 minute"},"schema":{"@context":"https:\/\/schema.org","@graph":[{"@type":"WebPage","@id":"https:\/\/test.linearled.ca\/fr\/produit\/linea-p48-fr\/","url":"https:\/\/test.linearled.ca\/fr\/produit\/linea-p48-fr\/","name":"Linea P48 - LinearLED","isPartOf":{"@id":"https:\/\/test.linearled.ca\/fr\/#website"},"primaryImageOfPage":{"@id":"https:\/\/test.linearled.ca\/fr\/produit\/linea-p48-fr\/#primaryimage"},"image":{"@id":"https:\/\/test.linearled.ca\/fr\/produit\/linea-p48-fr\/#primaryimage"},"thumbnailUrl":"https:\/\/test.linearled.ca\/wp-content\/uploads\/2020\/07\/P48-scaled.jpg","datePublished":"2020-07-16T18:20:01+00:00","dateModified":"2025-10-20T18:51:16+00:00","breadcrumb":{"@id":"https:\/\/test.linearled.ca\/fr\/produit\/linea-p48-fr\/#breadcrumb"},"inLanguage":"fr-FR","potentialAction":[{"@type":"ReadAction","target":["https:\/\/test.linearled.ca\/fr\/produit\/linea-p48-fr\/"]}]},{"@type":"ImageObject","inLanguage":"fr-FR","@id":"https:\/\/test.linearled.ca\/fr\/produit\/linea-p48-fr\/#primaryimage","url":"https:\/\/test.linearled.ca\/wp-content\/uploads\/2020\/07\/P48-scaled.jpg","contentUrl":"https:\/\/test.linearled.ca\/wp-content\/uploads\/2020\/07\/P48-scaled.jpg","width":2560,"height":1808},{"@type":"BreadcrumbList","@id":"https:\/\/test.linearled.ca\/fr\/produit\/linea-p48-fr\/#breadcrumb","itemListElement":[{"@type":"ListItem","position":1,"name":"Home","item":"https:\/\/test.linearled.ca\/fr\/"},{"@type":"ListItem","position":2,"name":"Produits","item":"https:\/\/test.linearled.ca\/fr\/boutique\/"},{"@type":"ListItem","position":3,"name":"Linea P48"}]},{"@type":"WebSite","@id":"https:\/\/test.linearled.ca\/fr\/#website","url":"https:\/\/test.linearled.ca\/fr\/","name":"LinearLED","description":"LinearLED - Custom Lighting","publisher":{"@id":"https:\/\/test.linearled.ca\/fr\/#organization"},"potentialAction":[{"@type":"SearchAction","target":{"@type":"EntryPoint","urlTemplate":"https:\/\/test.linearled.ca\/fr\/?s={search_term_string}"},"query-input":{"@type":"PropertyValueSpecification","valueRequired":true,"valueName":"search_term_string"}}],"inLanguage":"fr-FR"},{"@type":"Organization","@id":"https:\/\/test.linearled.ca\/fr\/#organization","name":"LinearLED","url":"https:\/\/test.linearled.ca\/fr\/","logo":{"@type":"ImageObject","inLanguage":"fr-FR","@id":"https:\/\/test.linearled.ca\/fr\/#\/schema\/logo\/image\/","url":"https:\/\/test.linearled.ca\/wp-content\/uploads\/2025\/08\/logo-linearled-en.png","contentUrl":"https:\/\/test.linearled.ca\/wp-content\/uploads\/2025\/08\/logo-linearled-en.png","width":200,"height":34,"caption":"LinearLED"},"image":{"@id":"https:\/\/test.linearled.ca\/fr\/#\/schema\/logo\/image\/"},"sameAs":["https:\/\/www.facebook.com\/LinearLEDmtl","https:\/\/www.instagram.com\/linearledmtl\/"]}]}},"_links":{"self":[{"href":"https:\/\/test.linearled.ca\/fr\/wp-json\/wp\/v2\/product\/3723","targetHints":{"allow":["GET"]}}],"collection":[{"href":"https:\/\/test.linearled.ca\/fr\/wp-json\/wp\/v2\/product"}],"about":[{"href":"https:\/\/test.linearled.ca\/fr\/wp-json\/wp\/v2\/types\/product"}],"wp:featuredmedia":[{"embeddable":true,"href":"https:\/\/test.linearled.ca\/fr\/wp-json\/wp\/v2\/media\/4165"}],"wp:attachment":[{"href":"https:\/\/test.linearled.ca\/fr\/wp-json\/wp\/v2\/media?parent=3723"}],"wp:term":[{"taxonomy":"product_brand","embeddable":true,"href":"https:\/\/test.linearled.ca\/fr\/wp-json\/wp\/v2\/product_brand?post=3723"},{"taxonomy":"product_cat","embeddable":true,"href":"https:\/\/test.linearled.ca\/fr\/wp-json\/wp\/v2\/product_cat?post=3723"},{"taxonomy":"product_tag","embeddable":true,"href":"https:\/\/test.linearled.ca\/fr\/wp-json\/wp\/v2\/product_tag?post=3723"}],"curies":[{"name":"wp","href":"https:\/\/api.w.org\/{rel}","templated":true}]}}