{"id":4726,"date":"2025-04-10T14:42:57","date_gmt":"2025-04-10T18:42:57","guid":{"rendered":"https:\/\/test.linearled.ca\/?post_type=product&#038;p=4726"},"modified":"2026-01-09T11:30:10","modified_gmt":"2026-01-09T16:30:10","slug":"linea-agr","status":"publish","type":"product","link":"https:\/\/test.linearled.ca\/fr\/produit\/linea-agr\/","title":{"rendered":"Linea AGR"},"content":{"rendered":"<ul>\n<li>La design r\u00e9duit la vue directe de la source lumineuse.<\/li>\n<li>D\u00e9coupe personnalis\u00e9e \u00e0 toute longueur, jusqu&rsquo;\u00e0 1\/16<sup>i\u00e8me<\/sup> de pouce pr\u00e8s.<\/li>\n<li>Application simple avec aimants ou clips \u00e0 ressort.<\/li>\n<li>Disponible avec lentille semi-opaque ou noire.<\/li>\n<li>Conception encastr\u00e9e.<\/li>\n<li>\u00c9clairage uniforme \u00e0 la source.<\/li>\n<li>Disponible avec fil ou connecteur rapide de diff\u00e9rentes longueurs. Sortie pr\u00e9vue pour les connections en s\u00e9rie. C\u00e2bles d\u2019extension vendus s\u00e9par\u00e9ment.<\/li>\n<li>Peut accueillir 1 rang\u00e9e de bande DEL de 10mm ou moins.<\/li>\n<\/ul>\n<p><a href=\"https:\/\/test.linearled.ca\/fr\/?attachment_id=6491#main\" rel=\"attachment wp-att-6491\"><img loading=\"lazy\" decoding=\"async\" class=\"aligncenter size-full wp-image-6491\" src=\"https:\/\/test.linearled.ca\/wp-content\/uploads\/2025\/04\/AGR_BannerSiteWed-scaled.png\" alt=\"\" width=\"2560\" height=\"922\" srcset=\"https:\/\/test.linearled.ca\/wp-content\/uploads\/2025\/04\/AGR_BannerSiteWed-scaled.png 2560w, https:\/\/test.linearled.ca\/wp-content\/uploads\/2025\/04\/AGR_BannerSiteWed-300x108.png 300w, https:\/\/test.linearled.ca\/wp-content\/uploads\/2025\/04\/AGR_BannerSiteWed-1024x369.png 1024w, https:\/\/test.linearled.ca\/wp-content\/uploads\/2025\/04\/AGR_BannerSiteWed-768x276.png 768w, https:\/\/test.linearled.ca\/wp-content\/uploads\/2025\/04\/AGR_BannerSiteWed-1536x553.png 1536w, https:\/\/test.linearled.ca\/wp-content\/uploads\/2025\/04\/AGR_BannerSiteWed-2048x737.png 2048w, https:\/\/test.linearled.ca\/wp-content\/uploads\/2025\/04\/AGR_BannerSiteWed-600x216.png 600w\" sizes=\"auto, (max-width: 2560px) 100vw, 2560px\" \/><\/a><\/p>\n","protected":false},"excerpt":{"rendered":"<p>Les profil\u00e9s de la s\u00e9rie Linea AGR sont des rails en aluminium encastr\u00e9s anti-\u00e9blouissements, con\u00e7us pour \u00e9viter tout \u00e9blouissement ind\u00e9sirable. Disponible en aluminium et en noir, ce profil peut accueillir 1 rang\u00e9e de bande DEL de 10 mm ou moins vendue par linearled.ca.<\/p>\n<p><img loading=\"lazy\" decoding=\"async\" width=\"300\" height=\"300\" class=\"alignnone size-medium wp-image-4572\" src=\"https:\/\/test.linearled.ca\/wp-content\/uploads\/2025\/03\/AGR-cutaway-300x300.jpg\" alt=\"\" srcset=\"https:\/\/test.linearled.ca\/wp-content\/uploads\/2025\/03\/AGR-cutaway-300x300.jpg 300w, https:\/\/test.linearled.ca\/wp-content\/uploads\/2025\/03\/AGR-cutaway-1024x1024.jpg 1024w, https:\/\/test.linearled.ca\/wp-content\/uploads\/2025\/03\/AGR-cutaway-150x150.jpg 150w, https:\/\/test.linearled.ca\/wp-content\/uploads\/2025\/03\/AGR-cutaway-768x768.jpg 768w, https:\/\/test.linearled.ca\/wp-content\/uploads\/2025\/03\/AGR-cutaway-135x136.jpg 135w, https:\/\/test.linearled.ca\/wp-content\/uploads\/2025\/03\/AGR-cutaway-125x125.jpg 125w, https:\/\/test.linearled.ca\/wp-content\/uploads\/2025\/03\/AGR-cutaway-600x600.jpg 600w, https:\/\/test.linearled.ca\/wp-content\/uploads\/2025\/03\/AGR-cutaway-100x100.jpg 100w, https:\/\/test.linearled.ca\/wp-content\/uploads\/2025\/03\/AGR-cutaway.jpg 1200w\" sizes=\"auto, (max-width: 300px) 100vw, 300px\" \/><\/p>\n","protected":false},"featured_media":4544,"template":"","meta":{"_acf_changed":false},"product_brand":[],"product_cat":[122],"product_tag":[],"class_list":{"0":"post-4726","1":"product","2":"type-product","3":"status-publish","4":"has-post-thumbnail","6":"product_cat-linea-fr","7":"sales-flash-overlay","8":"woocommerce-text-align-center","9":"woocommerce-image-align-center","10":"do-quantity-buttons","12":"first","13":"instock","14":"taxable","15":"shipping-taxable","16":"product-type-simple"},"acf":[],"yoast_head":"<!-- This site is optimized with the Yoast SEO plugin v26.0 - https:\/\/yoast.com\/wordpress\/plugins\/seo\/ -->\n<title>Linea AGR - LinearLED<\/title>\n<meta name=\"robots\" content=\"noindex, follow, max-snippet:-1, max-image-preview:large, max-video-preview:-1\" \/>\n<meta property=\"og:locale\" content=\"fr_FR\" \/>\n<meta property=\"og:type\" content=\"article\" \/>\n<meta property=\"og:title\" content=\"Linea AGR - LinearLED\" \/>\n<meta property=\"og:description\" content=\"Les profil\u00e9s de la s\u00e9rie Linea AGR sont des rails en aluminium encastr\u00e9s anti-\u00e9blouissements, con\u00e7us pour \u00e9viter tout \u00e9blouissement ind\u00e9sirable. Disponible en aluminium et en noir, ce profil peut accueillir 1 rang\u00e9e de bande DEL de 10 mm ou moins vendue par linearled.ca.\" \/>\n<meta property=\"og:url\" content=\"https:\/\/test.linearled.ca\/fr\/produit\/linea-agr\/\" \/>\n<meta property=\"og:site_name\" content=\"LinearLED\" \/>\n<meta property=\"article:publisher\" content=\"https:\/\/www.facebook.com\/LinearLEDmtl\" \/>\n<meta property=\"article:modified_time\" content=\"2026-01-09T16:30:10+00:00\" \/>\n<meta property=\"og:image\" content=\"https:\/\/test.linearled.ca\/wp-content\/uploads\/2025\/03\/AGRA-e1741790092343.jpg\" \/>\n\t<meta property=\"og:image:width\" content=\"1033\" \/>\n\t<meta property=\"og:image:height\" content=\"827\" \/>\n\t<meta property=\"og:image:type\" content=\"image\/jpeg\" \/>\n<meta name=\"twitter:card\" content=\"summary_large_image\" \/>\n<meta name=\"twitter:label1\" content=\"Dur\u00e9e de lecture estim\u00e9e\" \/>\n\t<meta name=\"twitter:data1\" content=\"1 minute\" \/>\n<script type=\"application\/ld+json\" class=\"yoast-schema-graph\">{\"@context\":\"https:\/\/schema.org\",\"@graph\":[{\"@type\":\"WebPage\",\"@id\":\"https:\/\/test.linearled.ca\/fr\/produit\/linea-agr\/\",\"url\":\"https:\/\/test.linearled.ca\/fr\/produit\/linea-agr\/\",\"name\":\"Linea AGR - LinearLED\",\"isPartOf\":{\"@id\":\"https:\/\/test.linearled.ca\/fr\/#website\"},\"primaryImageOfPage\":{\"@id\":\"https:\/\/test.linearled.ca\/fr\/produit\/linea-agr\/#primaryimage\"},\"image\":{\"@id\":\"https:\/\/test.linearled.ca\/fr\/produit\/linea-agr\/#primaryimage\"},\"thumbnailUrl\":\"https:\/\/test.linearled.ca\/wp-content\/uploads\/2025\/03\/AGRA-e1741790092343.jpg\",\"datePublished\":\"2025-04-10T18:42:57+00:00\",\"dateModified\":\"2026-01-09T16:30:10+00:00\",\"breadcrumb\":{\"@id\":\"https:\/\/test.linearled.ca\/fr\/produit\/linea-agr\/#breadcrumb\"},\"inLanguage\":\"fr-FR\",\"potentialAction\":[{\"@type\":\"ReadAction\",\"target\":[\"https:\/\/test.linearled.ca\/fr\/produit\/linea-agr\/\"]}]},{\"@type\":\"ImageObject\",\"inLanguage\":\"fr-FR\",\"@id\":\"https:\/\/test.linearled.ca\/fr\/produit\/linea-agr\/#primaryimage\",\"url\":\"https:\/\/test.linearled.ca\/wp-content\/uploads\/2025\/03\/AGRA-e1741790092343.jpg\",\"contentUrl\":\"https:\/\/test.linearled.ca\/wp-content\/uploads\/2025\/03\/AGRA-e1741790092343.jpg\",\"width\":1033,\"height\":827},{\"@type\":\"BreadcrumbList\",\"@id\":\"https:\/\/test.linearled.ca\/fr\/produit\/linea-agr\/#breadcrumb\",\"itemListElement\":[{\"@type\":\"ListItem\",\"position\":1,\"name\":\"Home\",\"item\":\"https:\/\/test.linearled.ca\/fr\/\"},{\"@type\":\"ListItem\",\"position\":2,\"name\":\"Produits\",\"item\":\"https:\/\/test.linearled.ca\/fr\/boutique\/\"},{\"@type\":\"ListItem\",\"position\":3,\"name\":\"Linea AGR\"}]},{\"@type\":\"WebSite\",\"@id\":\"https:\/\/test.linearled.ca\/fr\/#website\",\"url\":\"https:\/\/test.linearled.ca\/fr\/\",\"name\":\"LinearLED\",\"description\":\"LinearLED - Custom Lighting\",\"publisher\":{\"@id\":\"https:\/\/test.linearled.ca\/fr\/#organization\"},\"potentialAction\":[{\"@type\":\"SearchAction\",\"target\":{\"@type\":\"EntryPoint\",\"urlTemplate\":\"https:\/\/test.linearled.ca\/fr\/?s={search_term_string}\"},\"query-input\":{\"@type\":\"PropertyValueSpecification\",\"valueRequired\":true,\"valueName\":\"search_term_string\"}}],\"inLanguage\":\"fr-FR\"},{\"@type\":\"Organization\",\"@id\":\"https:\/\/test.linearled.ca\/fr\/#organization\",\"name\":\"LinearLED\",\"url\":\"https:\/\/test.linearled.ca\/fr\/\",\"logo\":{\"@type\":\"ImageObject\",\"inLanguage\":\"fr-FR\",\"@id\":\"https:\/\/test.linearled.ca\/fr\/#\/schema\/logo\/image\/\",\"url\":\"https:\/\/test.linearled.ca\/wp-content\/uploads\/2025\/08\/logo-linearled-en.png\",\"contentUrl\":\"https:\/\/test.linearled.ca\/wp-content\/uploads\/2025\/08\/logo-linearled-en.png\",\"width\":200,\"height\":34,\"caption\":\"LinearLED\"},\"image\":{\"@id\":\"https:\/\/test.linearled.ca\/fr\/#\/schema\/logo\/image\/\"},\"sameAs\":[\"https:\/\/www.facebook.com\/LinearLEDmtl\",\"https:\/\/www.instagram.com\/linearledmtl\/\"]}]}<\/script>\n<!-- \/ Yoast SEO plugin. -->","yoast_head_json":{"title":"Linea AGR - LinearLED","robots":{"index":"noindex","follow":"follow","max-snippet":"max-snippet:-1","max-image-preview":"max-image-preview:large","max-video-preview":"max-video-preview:-1"},"og_locale":"fr_FR","og_type":"article","og_title":"Linea AGR - LinearLED","og_description":"Les profil\u00e9s de la s\u00e9rie Linea AGR sont des rails en aluminium encastr\u00e9s anti-\u00e9blouissements, con\u00e7us pour \u00e9viter tout \u00e9blouissement ind\u00e9sirable. Disponible en aluminium et en noir, ce profil peut accueillir 1 rang\u00e9e de bande DEL de 10 mm ou moins vendue par linearled.ca.","og_url":"https:\/\/test.linearled.ca\/fr\/produit\/linea-agr\/","og_site_name":"LinearLED","article_publisher":"https:\/\/www.facebook.com\/LinearLEDmtl","article_modified_time":"2026-01-09T16:30:10+00:00","og_image":[{"width":1033,"height":827,"url":"https:\/\/test.linearled.ca\/wp-content\/uploads\/2025\/03\/AGRA-e1741790092343.jpg","type":"image\/jpeg"}],"twitter_card":"summary_large_image","twitter_misc":{"Dur\u00e9e de lecture estim\u00e9e":"1 minute"},"schema":{"@context":"https:\/\/schema.org","@graph":[{"@type":"WebPage","@id":"https:\/\/test.linearled.ca\/fr\/produit\/linea-agr\/","url":"https:\/\/test.linearled.ca\/fr\/produit\/linea-agr\/","name":"Linea AGR - LinearLED","isPartOf":{"@id":"https:\/\/test.linearled.ca\/fr\/#website"},"primaryImageOfPage":{"@id":"https:\/\/test.linearled.ca\/fr\/produit\/linea-agr\/#primaryimage"},"image":{"@id":"https:\/\/test.linearled.ca\/fr\/produit\/linea-agr\/#primaryimage"},"thumbnailUrl":"https:\/\/test.linearled.ca\/wp-content\/uploads\/2025\/03\/AGRA-e1741790092343.jpg","datePublished":"2025-04-10T18:42:57+00:00","dateModified":"2026-01-09T16:30:10+00:00","breadcrumb":{"@id":"https:\/\/test.linearled.ca\/fr\/produit\/linea-agr\/#breadcrumb"},"inLanguage":"fr-FR","potentialAction":[{"@type":"ReadAction","target":["https:\/\/test.linearled.ca\/fr\/produit\/linea-agr\/"]}]},{"@type":"ImageObject","inLanguage":"fr-FR","@id":"https:\/\/test.linearled.ca\/fr\/produit\/linea-agr\/#primaryimage","url":"https:\/\/test.linearled.ca\/wp-content\/uploads\/2025\/03\/AGRA-e1741790092343.jpg","contentUrl":"https:\/\/test.linearled.ca\/wp-content\/uploads\/2025\/03\/AGRA-e1741790092343.jpg","width":1033,"height":827},{"@type":"BreadcrumbList","@id":"https:\/\/test.linearled.ca\/fr\/produit\/linea-agr\/#breadcrumb","itemListElement":[{"@type":"ListItem","position":1,"name":"Home","item":"https:\/\/test.linearled.ca\/fr\/"},{"@type":"ListItem","position":2,"name":"Produits","item":"https:\/\/test.linearled.ca\/fr\/boutique\/"},{"@type":"ListItem","position":3,"name":"Linea AGR"}]},{"@type":"WebSite","@id":"https:\/\/test.linearled.ca\/fr\/#website","url":"https:\/\/test.linearled.ca\/fr\/","name":"LinearLED","description":"LinearLED - Custom Lighting","publisher":{"@id":"https:\/\/test.linearled.ca\/fr\/#organization"},"potentialAction":[{"@type":"SearchAction","target":{"@type":"EntryPoint","urlTemplate":"https:\/\/test.linearled.ca\/fr\/?s={search_term_string}"},"query-input":{"@type":"PropertyValueSpecification","valueRequired":true,"valueName":"search_term_string"}}],"inLanguage":"fr-FR"},{"@type":"Organization","@id":"https:\/\/test.linearled.ca\/fr\/#organization","name":"LinearLED","url":"https:\/\/test.linearled.ca\/fr\/","logo":{"@type":"ImageObject","inLanguage":"fr-FR","@id":"https:\/\/test.linearled.ca\/fr\/#\/schema\/logo\/image\/","url":"https:\/\/test.linearled.ca\/wp-content\/uploads\/2025\/08\/logo-linearled-en.png","contentUrl":"https:\/\/test.linearled.ca\/wp-content\/uploads\/2025\/08\/logo-linearled-en.png","width":200,"height":34,"caption":"LinearLED"},"image":{"@id":"https:\/\/test.linearled.ca\/fr\/#\/schema\/logo\/image\/"},"sameAs":["https:\/\/www.facebook.com\/LinearLEDmtl","https:\/\/www.instagram.com\/linearledmtl\/"]}]}},"_links":{"self":[{"href":"https:\/\/test.linearled.ca\/fr\/wp-json\/wp\/v2\/product\/4726","targetHints":{"allow":["GET"]}}],"collection":[{"href":"https:\/\/test.linearled.ca\/fr\/wp-json\/wp\/v2\/product"}],"about":[{"href":"https:\/\/test.linearled.ca\/fr\/wp-json\/wp\/v2\/types\/product"}],"wp:featuredmedia":[{"embeddable":true,"href":"https:\/\/test.linearled.ca\/fr\/wp-json\/wp\/v2\/media\/4544"}],"wp:attachment":[{"href":"https:\/\/test.linearled.ca\/fr\/wp-json\/wp\/v2\/media?parent=4726"}],"wp:term":[{"taxonomy":"product_brand","embeddable":true,"href":"https:\/\/test.linearled.ca\/fr\/wp-json\/wp\/v2\/product_brand?post=4726"},{"taxonomy":"product_cat","embeddable":true,"href":"https:\/\/test.linearled.ca\/fr\/wp-json\/wp\/v2\/product_cat?post=4726"},{"taxonomy":"product_tag","embeddable":true,"href":"https:\/\/test.linearled.ca\/fr\/wp-json\/wp\/v2\/product_tag?post=4726"}],"curies":[{"name":"wp","href":"https:\/\/api.w.org\/{rel}","templated":true}]}}