{"id":4737,"date":"2025-04-10T14:44:34","date_gmt":"2025-04-07T18:28:55","guid":{"rendered":"https:\/\/test.linearled.ca\/?post_type=product&#038;p=4737"},"modified":"2025-04-07T14:28:56","modified_gmt":"2025-04-07T18:28:56","slug":"linea-an","status":"publish","type":"product","link":"https:\/\/test.linearled.ca\/fr\/produit\/linea-an\/","title":{"rendered":"Linea AN"},"content":{"rendered":"<ul>\n<li>D\u00e9coupe personnalis\u00e9e \u00e0 toute longueur, jusqu&rsquo;\u00e0 1\/16 de pouce pr\u00e8s.<\/li>\n<li>Application simple gr\u00e2ce aux nervures \u00e0 ajustement par pression. L\u2019ajout de perles de silicone est recommand\u00e9 tous les 6 pouces.<\/li>\n<li>Conception encastr\u00e9e<\/li>\n<li>\u00c9clairage uniforme \u00e0 la source.<\/li>\n<li>Disponible avec fil ou connecteur rapide de diff\u00e9rentes longueurs. Sortie pr\u00e9vue pour les connections en s\u00e9rie. C\u00e2bles d\u2019extension vendus s\u00e9par\u00e9ment.<\/li>\n<li><strong>D\u00c9COUPE MINIMALE: 11\/32 po de large par 5\/16 po de profondeur.<\/strong><\/li>\n<li>Peut accueillir 1 rang\u00e9e de bande DEL de 5 mm vendue par linearled.ca.<\/li>\n<\/ul>\n","protected":false},"excerpt":{"rendered":"<p>Les profil\u00e9s de la s\u00e9rie Linea AN sont con\u00e7us pour \u00eatre encastr\u00e9s dans des armoires, fournisant un \u00e9clairage minimal de qualit\u00e9. Il peut accueillir 1 rang\u00e9e de bande DEL <strong>de 5mm <\/strong>vendue par linearled.ca<\/p>\n<p><img loading=\"lazy\" decoding=\"async\" width=\"287\" height=\"300\" class=\"alignnone size-medium wp-image-4566\" src=\"https:\/\/test.linearled.ca\/wp-content\/uploads\/2025\/03\/AN-cutaway-287x300.jpg\" alt=\"\" srcset=\"https:\/\/test.linearled.ca\/wp-content\/uploads\/2025\/03\/AN-cutaway-287x300.jpg 287w, https:\/\/test.linearled.ca\/wp-content\/uploads\/2025\/03\/AN-cutaway-979x1024.jpg 979w, https:\/\/test.linearled.ca\/wp-content\/uploads\/2025\/03\/AN-cutaway-768x803.jpg 768w, https:\/\/test.linearled.ca\/wp-content\/uploads\/2025\/03\/AN-cutaway-600x628.jpg 600w, https:\/\/test.linearled.ca\/wp-content\/uploads\/2025\/03\/AN-cutaway.jpg 1200w\" sizes=\"auto, (max-width: 287px) 100vw, 287px\" \/><\/p>\n","protected":false},"featured_media":4476,"template":"","meta":{"_acf_changed":false},"product_brand":[],"product_cat":[122],"product_tag":[],"class_list":{"0":"post-4737","1":"product","2":"type-product","3":"status-publish","4":"has-post-thumbnail","6":"product_cat-linea-fr","7":"sales-flash-overlay","8":"woocommerce-text-align-center","9":"woocommerce-image-align-center","10":"do-quantity-buttons","12":"first","13":"instock","14":"taxable","15":"shipping-taxable","16":"product-type-simple"},"acf":[],"yoast_head":"<!-- This site is optimized with the Yoast SEO plugin v26.0 - https:\/\/yoast.com\/wordpress\/plugins\/seo\/ -->\n<title>Linea AN - LinearLED<\/title>\n<meta name=\"robots\" content=\"noindex, follow, max-snippet:-1, max-image-preview:large, max-video-preview:-1\" \/>\n<meta property=\"og:locale\" content=\"fr_FR\" \/>\n<meta property=\"og:type\" content=\"article\" \/>\n<meta property=\"og:title\" content=\"Linea AN - LinearLED\" \/>\n<meta property=\"og:description\" content=\"Les profil\u00e9s de la s\u00e9rie Linea AN sont con\u00e7us pour \u00eatre encastr\u00e9s dans des armoires, fournisant un \u00e9clairage minimal de qualit\u00e9. Il peut accueillir 1 rang\u00e9e de bande DEL de 5mm vendue par linearled.ca\" \/>\n<meta property=\"og:url\" content=\"https:\/\/test.linearled.ca\/fr\/produit\/linea-an\/\" \/>\n<meta property=\"og:site_name\" content=\"LinearLED\" \/>\n<meta property=\"article:publisher\" content=\"https:\/\/www.facebook.com\/LinearLEDmtl\" \/>\n<meta property=\"article:modified_time\" content=\"2025-04-07T18:28:56+00:00\" \/>\n<meta property=\"og:image\" content=\"https:\/\/test.linearled.ca\/wp-content\/uploads\/2024\/04\/Linea-AN-e1741802319344.jpg\" \/>\n\t<meta property=\"og:image:width\" content=\"393\" \/>\n\t<meta property=\"og:image:height\" content=\"304\" \/>\n\t<meta property=\"og:image:type\" content=\"image\/jpeg\" \/>\n<meta name=\"twitter:card\" content=\"summary_large_image\" \/>\n<meta name=\"twitter:label1\" content=\"Dur\u00e9e de lecture estim\u00e9e\" \/>\n\t<meta name=\"twitter:data1\" content=\"1 minute\" \/>\n<script type=\"application\/ld+json\" class=\"yoast-schema-graph\">{\"@context\":\"https:\/\/schema.org\",\"@graph\":[{\"@type\":\"WebPage\",\"@id\":\"https:\/\/test.linearled.ca\/fr\/produit\/linea-an\/\",\"url\":\"https:\/\/test.linearled.ca\/fr\/produit\/linea-an\/\",\"name\":\"Linea AN - LinearLED\",\"isPartOf\":{\"@id\":\"https:\/\/test.linearled.ca\/fr\/#website\"},\"primaryImageOfPage\":{\"@id\":\"https:\/\/test.linearled.ca\/fr\/produit\/linea-an\/#primaryimage\"},\"image\":{\"@id\":\"https:\/\/test.linearled.ca\/fr\/produit\/linea-an\/#primaryimage\"},\"thumbnailUrl\":\"https:\/\/test.linearled.ca\/wp-content\/uploads\/2024\/04\/Linea-AN-e1741802319344.jpg\",\"datePublished\":\"2025-04-07T18:28:55+00:00\",\"dateModified\":\"2025-04-07T18:28:56+00:00\",\"breadcrumb\":{\"@id\":\"https:\/\/test.linearled.ca\/fr\/produit\/linea-an\/#breadcrumb\"},\"inLanguage\":\"fr-FR\",\"potentialAction\":[{\"@type\":\"ReadAction\",\"target\":[\"https:\/\/test.linearled.ca\/fr\/produit\/linea-an\/\"]}]},{\"@type\":\"ImageObject\",\"inLanguage\":\"fr-FR\",\"@id\":\"https:\/\/test.linearled.ca\/fr\/produit\/linea-an\/#primaryimage\",\"url\":\"https:\/\/test.linearled.ca\/wp-content\/uploads\/2024\/04\/Linea-AN-e1741802319344.jpg\",\"contentUrl\":\"https:\/\/test.linearled.ca\/wp-content\/uploads\/2024\/04\/Linea-AN-e1741802319344.jpg\",\"width\":393,\"height\":304},{\"@type\":\"BreadcrumbList\",\"@id\":\"https:\/\/test.linearled.ca\/fr\/produit\/linea-an\/#breadcrumb\",\"itemListElement\":[{\"@type\":\"ListItem\",\"position\":1,\"name\":\"Home\",\"item\":\"https:\/\/test.linearled.ca\/fr\/\"},{\"@type\":\"ListItem\",\"position\":2,\"name\":\"Produits\",\"item\":\"https:\/\/test.linearled.ca\/fr\/boutique\/\"},{\"@type\":\"ListItem\",\"position\":3,\"name\":\"Linea AN\"}]},{\"@type\":\"WebSite\",\"@id\":\"https:\/\/test.linearled.ca\/fr\/#website\",\"url\":\"https:\/\/test.linearled.ca\/fr\/\",\"name\":\"LinearLED\",\"description\":\"LinearLED - Custom Lighting\",\"publisher\":{\"@id\":\"https:\/\/test.linearled.ca\/fr\/#organization\"},\"potentialAction\":[{\"@type\":\"SearchAction\",\"target\":{\"@type\":\"EntryPoint\",\"urlTemplate\":\"https:\/\/test.linearled.ca\/fr\/?s={search_term_string}\"},\"query-input\":{\"@type\":\"PropertyValueSpecification\",\"valueRequired\":true,\"valueName\":\"search_term_string\"}}],\"inLanguage\":\"fr-FR\"},{\"@type\":\"Organization\",\"@id\":\"https:\/\/test.linearled.ca\/fr\/#organization\",\"name\":\"LinearLED\",\"url\":\"https:\/\/test.linearled.ca\/fr\/\",\"logo\":{\"@type\":\"ImageObject\",\"inLanguage\":\"fr-FR\",\"@id\":\"https:\/\/test.linearled.ca\/fr\/#\/schema\/logo\/image\/\",\"url\":\"https:\/\/test.linearled.ca\/wp-content\/uploads\/2025\/08\/logo-linearled-en.png\",\"contentUrl\":\"https:\/\/test.linearled.ca\/wp-content\/uploads\/2025\/08\/logo-linearled-en.png\",\"width\":200,\"height\":34,\"caption\":\"LinearLED\"},\"image\":{\"@id\":\"https:\/\/test.linearled.ca\/fr\/#\/schema\/logo\/image\/\"},\"sameAs\":[\"https:\/\/www.facebook.com\/LinearLEDmtl\",\"https:\/\/www.instagram.com\/linearledmtl\/\"]}]}<\/script>\n<!-- \/ Yoast SEO plugin. -->","yoast_head_json":{"title":"Linea AN - LinearLED","robots":{"index":"noindex","follow":"follow","max-snippet":"max-snippet:-1","max-image-preview":"max-image-preview:large","max-video-preview":"max-video-preview:-1"},"og_locale":"fr_FR","og_type":"article","og_title":"Linea AN - LinearLED","og_description":"Les profil\u00e9s de la s\u00e9rie Linea AN sont con\u00e7us pour \u00eatre encastr\u00e9s dans des armoires, fournisant un \u00e9clairage minimal de qualit\u00e9. Il peut accueillir 1 rang\u00e9e de bande DEL de 5mm vendue par linearled.ca","og_url":"https:\/\/test.linearled.ca\/fr\/produit\/linea-an\/","og_site_name":"LinearLED","article_publisher":"https:\/\/www.facebook.com\/LinearLEDmtl","article_modified_time":"2025-04-07T18:28:56+00:00","og_image":[{"width":393,"height":304,"url":"https:\/\/test.linearled.ca\/wp-content\/uploads\/2024\/04\/Linea-AN-e1741802319344.jpg","type":"image\/jpeg"}],"twitter_card":"summary_large_image","twitter_misc":{"Dur\u00e9e de lecture estim\u00e9e":"1 minute"},"schema":{"@context":"https:\/\/schema.org","@graph":[{"@type":"WebPage","@id":"https:\/\/test.linearled.ca\/fr\/produit\/linea-an\/","url":"https:\/\/test.linearled.ca\/fr\/produit\/linea-an\/","name":"Linea AN - LinearLED","isPartOf":{"@id":"https:\/\/test.linearled.ca\/fr\/#website"},"primaryImageOfPage":{"@id":"https:\/\/test.linearled.ca\/fr\/produit\/linea-an\/#primaryimage"},"image":{"@id":"https:\/\/test.linearled.ca\/fr\/produit\/linea-an\/#primaryimage"},"thumbnailUrl":"https:\/\/test.linearled.ca\/wp-content\/uploads\/2024\/04\/Linea-AN-e1741802319344.jpg","datePublished":"2025-04-07T18:28:55+00:00","dateModified":"2025-04-07T18:28:56+00:00","breadcrumb":{"@id":"https:\/\/test.linearled.ca\/fr\/produit\/linea-an\/#breadcrumb"},"inLanguage":"fr-FR","potentialAction":[{"@type":"ReadAction","target":["https:\/\/test.linearled.ca\/fr\/produit\/linea-an\/"]}]},{"@type":"ImageObject","inLanguage":"fr-FR","@id":"https:\/\/test.linearled.ca\/fr\/produit\/linea-an\/#primaryimage","url":"https:\/\/test.linearled.ca\/wp-content\/uploads\/2024\/04\/Linea-AN-e1741802319344.jpg","contentUrl":"https:\/\/test.linearled.ca\/wp-content\/uploads\/2024\/04\/Linea-AN-e1741802319344.jpg","width":393,"height":304},{"@type":"BreadcrumbList","@id":"https:\/\/test.linearled.ca\/fr\/produit\/linea-an\/#breadcrumb","itemListElement":[{"@type":"ListItem","position":1,"name":"Home","item":"https:\/\/test.linearled.ca\/fr\/"},{"@type":"ListItem","position":2,"name":"Produits","item":"https:\/\/test.linearled.ca\/fr\/boutique\/"},{"@type":"ListItem","position":3,"name":"Linea AN"}]},{"@type":"WebSite","@id":"https:\/\/test.linearled.ca\/fr\/#website","url":"https:\/\/test.linearled.ca\/fr\/","name":"LinearLED","description":"LinearLED - Custom Lighting","publisher":{"@id":"https:\/\/test.linearled.ca\/fr\/#organization"},"potentialAction":[{"@type":"SearchAction","target":{"@type":"EntryPoint","urlTemplate":"https:\/\/test.linearled.ca\/fr\/?s={search_term_string}"},"query-input":{"@type":"PropertyValueSpecification","valueRequired":true,"valueName":"search_term_string"}}],"inLanguage":"fr-FR"},{"@type":"Organization","@id":"https:\/\/test.linearled.ca\/fr\/#organization","name":"LinearLED","url":"https:\/\/test.linearled.ca\/fr\/","logo":{"@type":"ImageObject","inLanguage":"fr-FR","@id":"https:\/\/test.linearled.ca\/fr\/#\/schema\/logo\/image\/","url":"https:\/\/test.linearled.ca\/wp-content\/uploads\/2025\/08\/logo-linearled-en.png","contentUrl":"https:\/\/test.linearled.ca\/wp-content\/uploads\/2025\/08\/logo-linearled-en.png","width":200,"height":34,"caption":"LinearLED"},"image":{"@id":"https:\/\/test.linearled.ca\/fr\/#\/schema\/logo\/image\/"},"sameAs":["https:\/\/www.facebook.com\/LinearLEDmtl","https:\/\/www.instagram.com\/linearledmtl\/"]}]}},"_links":{"self":[{"href":"https:\/\/test.linearled.ca\/fr\/wp-json\/wp\/v2\/product\/4737","targetHints":{"allow":["GET"]}}],"collection":[{"href":"https:\/\/test.linearled.ca\/fr\/wp-json\/wp\/v2\/product"}],"about":[{"href":"https:\/\/test.linearled.ca\/fr\/wp-json\/wp\/v2\/types\/product"}],"wp:featuredmedia":[{"embeddable":true,"href":"https:\/\/test.linearled.ca\/fr\/wp-json\/wp\/v2\/media\/4476"}],"wp:attachment":[{"href":"https:\/\/test.linearled.ca\/fr\/wp-json\/wp\/v2\/media?parent=4737"}],"wp:term":[{"taxonomy":"product_brand","embeddable":true,"href":"https:\/\/test.linearled.ca\/fr\/wp-json\/wp\/v2\/product_brand?post=4737"},{"taxonomy":"product_cat","embeddable":true,"href":"https:\/\/test.linearled.ca\/fr\/wp-json\/wp\/v2\/product_cat?post=4737"},{"taxonomy":"product_tag","embeddable":true,"href":"https:\/\/test.linearled.ca\/fr\/wp-json\/wp\/v2\/product_tag?post=4737"}],"curies":[{"name":"wp","href":"https:\/\/api.w.org\/{rel}","templated":true}]}}